{"id":9,"date":"2022-12-06T20:41:39","date_gmt":"2022-12-06T20:41:39","guid":{"rendered":"http:\/\/www.sonjahietaranta.fi\/?page_id=9"},"modified":"2025-02-15T12:55:16","modified_gmt":"2025-02-15T12:55:16","slug":"tietoja","status":"publish","type":"page","link":"https:\/\/www.sonjahietaranta.fi\/?page_id=9","title":{"rendered":"Minusta"},"content":{"rendered":"\n<h2>Sonja Hietaranta<\/h2>\n\n\n\n<figure class=\"wp-block-image alignright size-large is-resized is-style-rounded\"><img decoding=\"async\" loading=\"lazy\" src=\"https:\/\/www.sonjahietaranta.fi\/wp-content\/uploads\/2023\/03\/Sonja1-683x1024.png\" alt=\"\" class=\"wp-image-428\" width=\"433\" height=\"650\" srcset=\"https:\/\/www.sonjahietaranta.fi\/wp-content\/uploads\/2023\/03\/Sonja1-683x1024.png 683w, https:\/\/www.sonjahietaranta.fi\/wp-content\/uploads\/2023\/03\/Sonja1-200x300.png 200w, https:\/\/www.sonjahietaranta.fi\/wp-content\/uploads\/2023\/03\/Sonja1-768x1152.png 768w, https:\/\/www.sonjahietaranta.fi\/wp-content\/uploads\/2023\/03\/Sonja1-1024x1536.png 1024w, https:\/\/www.sonjahietaranta.fi\/wp-content\/uploads\/2023\/03\/Sonja1-1365x2048.png 1365w\" sizes=\"(max-width: 433px) 100vw, 433px\" \/><\/figure>\n\n\n\n<p>Olen Pirkanmaalainen, Tampereen Pyynikill\u00e4 asuva kunta- ja aluevaaliehdokas, \u00e4iti, vaimo ja sairaanhoitaja. Koulutukseltani olen terveystieteiden maisteri ja ty\u00f6skentelen ylihoitajana Tampereen yliopistollisessa keskussairaalassa. Vapaa-ajalla harrastan liikuntaa,&nbsp; lumilautailua ja k\u00e4yn mielell\u00e4ni konserteissa. Parasta vapaalla on l\u00e4hte\u00e4 koiralenkille harjua ja rantoja pitkin. Usein p\u00e4\u00e4dymme torille tai kahvilaan. T\u00e4t\u00e4 kaupunkiel\u00e4m\u00e4 on minulle parhaimmillaan. K\u00e4velymatkan p\u00e4\u00e4ss\u00e4 on luonto ja kaupunki palveluineen.<\/p>\n\n\n\n<p>Olen ty\u00f6skennellyt julkisessa- ja yksityisess\u00e4 terveydenhuollossa 25 vuotta. Viime vuodet ovat olleet silm\u00e4t aukaisevia. Opiskeluaikana tein monenlaisia t\u00f6it\u00e4 mm. kaupassa ja kahviloissa. Ty\u00f6nteko on ollut minulle aina t\u00e4rke\u00e4\u00e4. Minua on sanottu p\u00e4\u00e4tt\u00e4v\u00e4iseksi, aikaansaavaksi ja huolehtivaksi. Toisen kunnioittaminen ja tasa-arvo ovat minulle t\u00e4rkeit\u00e4 arvoja. Yhteiskunnassa tarvitaan enemm\u00e4n keskustelua siit\u00e4 mik\u00e4 on t\u00e4rke\u00e4\u00e4 ja toisaalta siit\u00e4, mist\u00e4 asioista voidaan tarvittaessa joustaa. Keskustelu ja kuunteleminen ovat lopulta ainoa tapa todella vaikuttaa asioihin ja l\u00f6yt\u00e4\u00e4 yhteisymm\u00e4rrys asioiden ratkaisemiseksi.<\/p>\n\n\n\n<p>Tampereella on onnistuttu kaupungin kehitt\u00e4misess\u00e4 erinomaisesti. Uusi ja vanha rinnakkain tuovat sopivasti rosoisuutta kaupunkiin. Ratikka mahdollistaa vaivattoman liikkumisen ja raitioliikennett\u00e4 pit\u00e4\u00e4 kehitt\u00e4\u00e4 edelleen. Py\u00f6r\u00e4tieverkosto on hyv\u00e4, mutta sit\u00e4 voitaisiin kehitt\u00e4\u00e4 edelleen ottaen mallia maista, joissa py\u00f6r\u00e4ll\u00e4 liikutaan enemm\u00e4n. Kaupungissa tarvitaan my\u00f6s autoja. S\u00e4hk\u00f6autojen latauspaikkoja tarvitaan lis\u00e4\u00e4 kaupunkialueelle. Kaikilla ei ole omaa pihaa, jossa lataus onnistuisi. Kaupunkiluontoa ja rantoja tulee vaalia. Ne ovat kaupungin kallisarvoisinta omaisuutta.<\/p>\n\n\n\n<p>Lapsilla ja nuorilla pit\u00e4\u00e4 olla mahdollisuuksia ja toivoa. Ik\u00e4ihmisten hoiva- ja asumispalveluiden saatavuutta voidaan parantaa. Sote-asioissa voimme tehd\u00e4 asioita nykyist\u00e4 paremmin, sujuvammin, joustavammin ja inhimillisemmin. Yhteiskunnan s\u00e4\u00e4ntely ei saa tukahduttaa kekseli\u00e4isyytt\u00e4 tai lannistaa yritteli\u00e4isyytt\u00e4. Tarvitaan rohkeita ratkaisuja ja uudenlaisia tapoja toimia, jotta voimme tavoitteissa onnistua. N\u00e4k\u00f6alattomuus musertaa toivon tulevasta. <strong>Haluan vaikuttaa siihen, ett\u00e4 mahdollisimman moni katsoo tulevaisuuteen toiveikkaana ja uskaltaa kulkea sit\u00e4 kohti luottavaisin mielin.<\/strong><\/p>\n","protected":false},"excerpt":{"rendered":"<p>Sonja Hietaranta Olen Pirkanmaalainen, Tampereen Pyynikill\u00e4 asuva kunta- ja aluevaaliehdokas, \u00e4iti, vaimo ja sairaanhoitaja. Koulutukseltani olen terveystieteiden maisteri ja ty\u00f6skentelen ylihoitajana Tampereen yliopistollisessa keskussairaalassa. Vapaa-ajalla harrastan liikuntaa,&nbsp; lumilautailua ja k\u00e4yn mielell\u00e4ni konserteissa. Parasta vapaalla on l\u00e4hte\u00e4 koiralenkille harjua ja rantoja pitkin. Usein p\u00e4\u00e4dymme torille tai kahvilaan. T\u00e4t\u00e4 kaupunkiel\u00e4m\u00e4 on minulle parhaimmillaan. K\u00e4velymatkan p\u00e4\u00e4ss\u00e4 on luonto [&hellip;]<\/p>\n","protected":false},"author":1,"featured_media":0,"parent":0,"menu_order":0,"comment_status":"closed","ping_status":"closed","template":"","meta":{"_lightning_design_setting":{"layout":"default"}},"_links":{"self":[{"href":"https:\/\/www.sonjahietaranta.fi\/index.php?rest_route=\/wp\/v2\/pages\/9"}],"collection":[{"href":"https:\/\/www.sonjahietaranta.fi\/index.php?rest_route=\/wp\/v2\/pages"}],"about":[{"href":"https:\/\/www.sonjahietaranta.fi\/index.php?rest_route=\/wp\/v2\/types\/page"}],"author":[{"embeddable":true,"href":"https:\/\/www.sonjahietaranta.fi\/index.php?rest_route=\/wp\/v2\/users\/1"}],"replies":[{"embeddable":true,"href":"https:\/\/www.sonjahietaranta.fi\/index.php?rest_route=%2Fwp%2Fv2%2Fcomments&post=9"}],"version-history":[{"count":29,"href":"https:\/\/www.sonjahietaranta.fi\/index.php?rest_route=\/wp\/v2\/pages\/9\/revisions"}],"predecessor-version":[{"id":496,"href":"https:\/\/www.sonjahietaranta.fi\/index.php?rest_route=\/wp\/v2\/pages\/9\/revisions\/496"}],"wp:attachment":[{"href":"https:\/\/www.sonjahietaranta.fi\/index.php?rest_route=%2Fwp%2Fv2%2Fmedia&parent=9"}],"curies":[{"name":"wp","href":"https:\/\/api.w.org\/{rel}","templated":true}]}}